{"id":54,"date":"2017-07-15T16:53:22","date_gmt":"2017-07-15T16:53:22","guid":{"rendered":"http:\/\/sperzelhp.com\/?page_id=54"},"modified":"2017-07-15T16:54:32","modified_gmt":"2017-07-15T16:54:32","slug":"impressum","status":"publish","type":"page","link":"https:\/\/sperzelhp.com\/?page_id=54","title":{"rendered":"Impressum"},"content":{"rendered":"<p>Verantwortlich f\u00fcr Inhalt und Gestaltung der Webseite:<br \/>\nHanspeter Sperzel, Hochheim am Main<br \/>\nErstmals erschienen: 2017<br \/>\nAktualisiert: 2017<\/p>\n<p><strong>Warenzeichen und Urheberrechte<\/strong><br \/>\nNamen und Abbildungen, die meines Wissens nach als Warenzeichen bzw. durch fremde Urheberrechte gesch\u00fctzt sind, sind dementsprechend gekennzeichnet. Das Vorhandensein oder das Fehlen einer solchen Kennzeichnung ber\u00fchrt jedoch die geltende Rechtslage hinsichtlich solcher Rechte nicht.<\/p>\n<p><strong>Disclaimer<\/strong><br \/>\nIch habe auf der Webseite www.sperzelhp.com Links zu anderen Seiten im Internet angelegt. F\u00fcr alle diese Links gilt:<\/p>\n<p>&#8222;Ich m\u00f6chte ausdr\u00fccklich betonen, dass ich keinerlei Einfluss auf die Gestaltung und Inhalte der gelinkten Webseiten habe. Daher distanziere ich mich hiermit ausdr\u00fccklich von allen Inhalten aller gelinkten Webseiten auf meiner gesamten Webseite inkl. aller Unterseiten und deren Unterlinks oder anderen Weiterleitungsmechanismen. Diese Erkl\u00e4rung gilt f\u00fcr alle auf meiner Homepage ausgebrachten Links und f\u00fcr alle Inhalte der Seiten, zu denen Links, Banner oder sonstige Verkn\u00fcpfungen f\u00fchren.<\/p>\n<p><strong>Copyright<\/strong><br \/>\nMein Schreiben hat kein &#8222;copyright&#8220;. Du bist frei, Texte aus meiner Feder zu reproduzieren, zu verteilen, zu interpretieren oder auch missinterpretieren, zu verdrehen oder durcheinander zu bringen. Tue einfach damit, was immer du willst. Du brauchst dazu weder meine noch irgendwelche andere Erlaubnis.<\/p>\n<div class=\"pdfprnt-buttons pdfprnt-buttons-page pdfprnt-bottom-right\"><a href=\"https:\/\/sperzelhp.com\/index.php?rest_route=%2Fwp%2Fv2%2Fpages%2F54&print=pdf\" class=\"pdfprnt-button pdfprnt-button-pdf\" target=\"_blank\" ><img decoding=\"async\" src=\"https:\/\/sperzelhp.com\/wp-content\/plugins\/pdf-print\/images\/pdf.png\" alt=\"image_pdf\" title=\"PDF anzeigen\" \/><\/a><a href=\"https:\/\/sperzelhp.com\/index.php?rest_route=%2Fwp%2Fv2%2Fpages%2F54&print=print\" class=\"pdfprnt-button pdfprnt-button-print\" target=\"_blank\" ><img decoding=\"async\" src=\"https:\/\/sperzelhp.com\/wp-content\/plugins\/pdf-print\/images\/print.png\" alt=\"image_print\" title=\"Inhalt drucken\" \/><\/a><\/div><div class=\"shariff shariff-align-flex-start shariff-widget-align-flex-start\"><ul class=\"shariff-buttons theme-round orientation-horizontal buttonsize-small\"><li class=\"shariff-button twitter shariff-nocustomcolor\" style=\"background-color:#595959\"><a href=\"https:\/\/twitter.com\/share?url=https%3A%2F%2Fsperzelhp.com%2F%3Fpage_id%3D54&text=Impressum\" title=\"Bei X teilen\" aria-label=\"Bei X teilen\" role=\"button\" rel=\"noopener nofollow\" class=\"shariff-link\" style=\"; background-color:#000; color:#fff\" target=\"_blank\"><span class=\"shariff-icon\" style=\"\"><svg width=\"32px\" height=\"20px\" xmlns=\"http:\/\/www.w3.org\/2000\/svg\" viewBox=\"0 0 24 24\"><path fill=\"#000\" d=\"M14.258 10.152L23.176 0h-2.113l-7.747 8.813L7.133 0H0l9.352 13.328L0 23.973h2.113l8.176-9.309 6.531 9.309h7.133zm-2.895 3.293l-.949-1.328L2.875 1.56h3.246l6.086 8.523.945 1.328 7.91 11.078h-3.246zm0 0\"\/><\/svg><\/span><\/a><\/li><li class=\"shariff-button facebook shariff-nocustomcolor\" style=\"background-color:#4273c8\"><a href=\"https:\/\/www.facebook.com\/sharer\/sharer.php?u=https%3A%2F%2Fsperzelhp.com%2F%3Fpage_id%3D54\" title=\"Bei Facebook teilen\" aria-label=\"Bei Facebook teilen\" role=\"button\" rel=\"nofollow\" class=\"shariff-link\" style=\"; background-color:#3b5998; color:#fff\" target=\"_blank\"><span class=\"shariff-icon\" style=\"\"><svg width=\"32px\" height=\"20px\" xmlns=\"http:\/\/www.w3.org\/2000\/svg\" viewBox=\"0 0 18 32\"><path fill=\"#3b5998\" d=\"M17.1 0.2v4.7h-2.8q-1.5 0-2.1 0.6t-0.5 1.9v3.4h5.2l-0.7 5.3h-4.5v13.6h-5.5v-13.6h-4.5v-5.3h4.5v-3.9q0-3.3 1.9-5.2t5-1.8q2.6 0 4.1 0.2z\"\/><\/svg><\/span><\/a><\/li><\/ul><\/div>","protected":false},"excerpt":{"rendered":"<p>Verantwortlich f\u00fcr Inhalt und Gestaltung der Webseite: Hanspeter Sperzel, Hochheim am Main Erstmals erschienen: 2017 Aktualisiert: 2017 Warenzeichen und Urheberrechte Namen und Abbildungen, die meines<\/p>\n","protected":false},"author":1,"featured_media":55,"parent":0,"menu_order":0,"comment_status":"closed","ping_status":"closed","template":"","meta":{"footnotes":"","_links_to":"","_links_to_target":""},"class_list":["post-54","page","type-page","status-publish","has-post-thumbnail","hentry"],"wps_subtitle":"","_links":{"self":[{"href":"https:\/\/sperzelhp.com\/index.php?rest_route=\/wp\/v2\/pages\/54","targetHints":{"allow":["GET"]}}],"collection":[{"href":"https:\/\/sperzelhp.com\/index.php?rest_route=\/wp\/v2\/pages"}],"about":[{"href":"https:\/\/sperzelhp.com\/index.php?rest_route=\/wp\/v2\/types\/page"}],"author":[{"embeddable":true,"href":"https:\/\/sperzelhp.com\/index.php?rest_route=\/wp\/v2\/users\/1"}],"replies":[{"embeddable":true,"href":"https:\/\/sperzelhp.com\/index.php?rest_route=%2Fwp%2Fv2%2Fcomments&post=54"}],"version-history":[{"count":3,"href":"https:\/\/sperzelhp.com\/index.php?rest_route=\/wp\/v2\/pages\/54\/revisions"}],"predecessor-version":[{"id":58,"href":"https:\/\/sperzelhp.com\/index.php?rest_route=\/wp\/v2\/pages\/54\/revisions\/58"}],"wp:featuredmedia":[{"embeddable":true,"href":"https:\/\/sperzelhp.com\/index.php?rest_route=\/wp\/v2\/media\/55"}],"wp:attachment":[{"href":"https:\/\/sperzelhp.com\/index.php?rest_route=%2Fwp%2Fv2%2Fmedia&parent=54"}],"curies":[{"name":"wp","href":"https:\/\/api.w.org\/{rel}","templated":true}]}}